{"id":7,"date":"2022-10-05T15:04:31","date_gmt":"2022-10-05T12:04:31","guid":{"rendered":"https:\/\/vuokrapalvelulumili.fi\/?page_id=7"},"modified":"2026-03-11T12:26:35","modified_gmt":"2026-03-11T10:26:35","slug":"leville-lomailemaan-tai-minne-vain","status":"publish","type":"page","link":"https:\/\/vuokrapalvelulumili.fi\/en\/","title":{"rendered":"To vacation anywhere"},"content":{"rendered":"<p>[et_pb_section fb_built=&#8221;1&#8243; custom_padding_last_edited=&#8221;on|phone&#8221; _builder_version=&#8221;4.25.2&#8243; background_color=&#8221;#382F59&#8243; background_image=&#8221;https:\/\/vuokrapalvelulumili.fi\/wp-content\/uploads\/2024\/10\/Depositphotos_60149951_XL.jpg&#8221; background_enable_image=&#8221;on&#8221; custom_margin=&#8221;0px||0px||false|false&#8221; custom_padding=&#8221;49vh|0px|49vh|0px|true|false&#8221; custom_padding_tablet=&#8221;50vh|0px|15vh|0px|false|false&#8221; custom_padding_phone=&#8221;42vh||8vh||false|false&#8221; top_divider_color=&#8221;#382F59&#8243; top_divider_repeat=&#8221;1x&#8221; bottom_divider_style=&#8221;arrow2&#8243; bottom_divider_color=&#8221;#F26716&#8243; locked=&#8221;off&#8221; global_colors_info=&#8221;{}&#8221;][et_pb_row use_custom_gutter=&#8221;on&#8221; gutter_width=&#8221;2&#8243; _builder_version=&#8221;4.25.2&#8243; width=&#8221;55.8%&#8221; max_width=&#8221;1207px&#8221; module_alignment=&#8221;left&#8221; custom_margin=&#8221;||||false|false&#8221; custom_padding=&#8221;6px||8px||false|false&#8221; global_colors_info=&#8221;{}&#8221;][et_pb_column type=&#8221;4_4&#8243; _builder_version=&#8221;4.25.2&#8243; custom_padding=&#8221;|||&#8221; global_colors_info=&#8221;{}&#8221; custom_padding__hover=&#8221;|||&#8221;][et_pb_text content_tablet=&#8221;<\/p>\n<h1>Lomalle Leville<br \/>tai Minne vain<\/h1>\n<p>Vuokrapalvelu Lumililta saat vaikka molemmat!<\/p>\n<p>&#8221; content_phone=&#8221;<\/p>\n<h1>Lomalle Leville<br \/>tai Minne vain<\/h1>\n<p>Vuokrapalvelu Lumili, helpompaan lomailuun<\/p>\n<p>&#8221; content_last_edited=&#8221;off|desktop&#8221; module_id=&#8221;alku&#8221; _builder_version=&#8221;4.25.2&#8243; text_font=&#8221;Roboto||||||||&#8221; text_text_color=&#8221;#ffffff&#8221; text_font_size=&#8221;18px&#8221; text_line_height=&#8221;1.6em&#8221; header_font=&#8221;Poppins|700||on|||||&#8221; header_text_align=&#8221;right&#8221; header_text_color=&#8221;#ffffff&#8221; header_font_size=&#8221;3em&#8221; header_letter_spacing=&#8221;2px&#8221; header_line_height=&#8221;1.1em&#8221; background_color=&#8221;rgba(0,0,0,0.63)&#8221; text_orientation=&#8221;right&#8221; width_tablet=&#8221;&#8221; width_phone=&#8221;100%&#8221; width_last_edited=&#8221;on|phone&#8221; max_width=&#8221;785px&#8221; max_width_tablet=&#8221;682px&#8221; max_width_phone=&#8221;700px&#8221; max_width_last_edited=&#8221;on|desktop&#8221; custom_margin=&#8221;||||false|false&#8221; custom_padding=&#8221;34px|40px|34px|40px|true|true&#8221; custom_padding_tablet=&#8221;34px|40px|34px|40px|true|true&#8221; custom_padding_phone=&#8221;|15px||15px|true|true&#8221; custom_padding_last_edited=&#8221;on|phone&#8221; text_font_tablet=&#8221;Roboto||||||||&#8221; text_font_phone=&#8221;Roboto|300|||||||&#8221; text_font_last_edited=&#8221;on|phone&#8221; header_text_align_tablet=&#8221;right&#8221; header_text_align_phone=&#8221;center&#8221; header_text_align_last_edited=&#8221;on|phone&#8221; header_font_size_tablet=&#8221;&#8221; header_font_size_phone=&#8221;1.7em&#8221; header_font_size_last_edited=&#8221;on|desktop&#8221; text_orientation_tablet=&#8221;right&#8221; text_orientation_phone=&#8221;center&#8221; text_orientation_last_edited=&#8221;on|phone&#8221; border_color_right=&#8221;#0468BF&#8221; global_colors_info=&#8221;{}&#8221;]<\/p>\n<h1>Lomalle Minne vain<\/h1>\n<p>Vuokrapalvelu Lumililta liikkuvat lomakodit<\/p>\n<p>[\/et_pb_text][\/et_pb_column][\/et_pb_row][\/et_pb_section][et_pb_section fb_built=&#8221;1&#8243; _builder_version=&#8221;4.18.0&#8243; background_color=&#8221;#383838&#8243; use_background_color_gradient=&#8221;on&#8221; background_color_gradient_stops=&#8221;rgba(150,81,16,0.54) 0%|rgba(11,101,191,0.46) 99%&#8221; background_color_gradient_overlays_image=&#8221;on&#8221; background_image=&#8221;https:\/\/vuokrapalvelulumili.fi\/wp-content\/uploads\/2022\/10\/levi01-scaled.webp&#8221; custom_margin=&#8221;0px|||||&#8221; custom_padding=&#8221;13vh|0px|47vh|0px|false|false&#8221; top_divider_style=&#8221;arrow2&#8243; top_divider_color=&#8221;#F26716&#8243; top_divider_height=&#8221;180px&#8221; locked=&#8221;off&#8221; global_colors_info=&#8221;{}&#8221;][et_pb_row column_structure=&#8221;1_2,1_2&#8243; use_custom_gutter=&#8221;on&#8221; gutter_width=&#8221;2&#8243; make_equal=&#8221;on&#8221; padding_left_right_link_1=&#8221;true&#8221; padding_left_right_link_2=&#8221;true&#8221; padding_left_right_link_3=&#8221;true&#8221; padding_left_right_link_4=&#8221;true&#8221; _builder_version=&#8221;4.25.2&#8243; max_width=&#8221;1523px&#8221; custom_margin=&#8221;-157px||||false|false&#8221; custom_margin_tablet=&#8221;-157px||||false|false&#8221; custom_margin_phone=&#8221;-25px||||false|false&#8221; custom_margin_last_edited=&#8221;on|phone&#8221; global_colors_info=&#8221;{}&#8221;][et_pb_column type=&#8221;1_2&#8243; _builder_version=&#8221;4.25.2&#8243; _dynamic_attributes=&#8221;link_option_url&#8221; use_background_color_gradient=&#8221;on&#8221; background_color_gradient_stops=&#8221;rgba(21,22,20,0) 59%|#002b42 87%&#8221; background_color_gradient_overlays_image=&#8221;on&#8221; background_color_gradient_start=&#8221;rgba(21,22,20,0)&#8221; background_color_gradient_end=&#8221;rgba(12,113,195,0.47)&#8221; background_image=&#8221;https:\/\/vuokrapalvelulumili.fi\/wp-content\/uploads\/2024\/04\/6CA3312D-7287-4EC4-9491-B20EF0513A13_1_105_c.jpeg&#8221; background_enable_image=&#8221;on&#8221; custom_padding=&#8221;20vh|25px|30px|25px|false|true&#8221; link_option_url=&#8221;@ET-DC@eyJkeW5hbWljIjp0cnVlLCJjb250ZW50IjoicG9zdF9saW5rX3VybF9wYWdlIiwic2V0dGluZ3MiOnsicG9zdF9pZCI6IjQ5NTI5In19@&#8221; border_color_bottom=&#8221;RGBA(255,255,255,0)&#8221; border_width_bottom_tablet=&#8221;&#8221; border_width_bottom_phone=&#8221;50px&#8221; border_width_bottom_last_edited=&#8221;on|phone&#8221; global_colors_info=&#8221;{}&#8221; custom_padding__hover=&#8221;|||&#8221;][et_pb_text _builder_version=&#8221;4.18.0&#8243; _dynamic_attributes=&#8221;link_option_url&#8221; text_font=&#8221;Poppins|700||on|||||&#8221; text_text_color=&#8221;#F28705&#8243; text_font_size=&#8221;2em&#8221; text_line_height=&#8221;1.4em&#8221; background_color=&#8221;#382F59&#8243; positioning=&#8221;absolute&#8221; vertical_offset=&#8221;-21px&#8221; custom_margin=&#8221;|||-20px|false|false&#8221; custom_margin_tablet=&#8221;-20px||9px&#8221; custom_margin_phone=&#8221;-19px||11px&#8221; custom_margin_last_edited=&#8221;on|tablet&#8221; custom_padding=&#8221;10px|20px|10px|20px|true|true&#8221; link_option_url=&#8221;@ET-DC@eyJkeW5hbWljIjp0cnVlLCJjb250ZW50IjoicG9zdF9saW5rX3VybF9wcm9kdWN0Iiwic2V0dGluZ3MiOnsicG9zdF9pZCI6IjI0Njc4In19@&#8221; border_radii=&#8221;off|||20px|&#8221; border_width_left=&#8221;10px&#8221; border_color_left=&#8221;#85B4F2&#8243; box_shadow_style=&#8221;preset2&#8243; box_shadow_horizontal=&#8221;4px&#8221; box_shadow_vertical=&#8221;4px&#8221; box_shadow_blur=&#8221;10px&#8221; box_shadow_color=&#8221;#382F59&#8243; global_colors_info=&#8221;{}&#8221;]<\/p>\n<p>Lomalle minne vain<\/p>\n<p>[\/et_pb_text][et_pb_text _builder_version=&#8221;4.18.0&#8243; text_font=&#8221;Roboto|500|||||||&#8221; text_text_color=&#8221;#ffffff&#8221; text_font_size=&#8221;19px&#8221; text_line_height=&#8221;1.5em&#8221; text_orientation=&#8221;center&#8221; custom_margin=&#8221;||-7px|||&#8221; custom_padding=&#8221;42px||||false|false&#8221; global_colors_info=&#8221;{}&#8221;]<\/p>\n<p>Huvila nelj\u00e4ll\u00e4 renkaalla,<br \/>lomaile miss\u00e4 tahdot.<\/p>\n<p>[\/et_pb_text][\/et_pb_column][et_pb_column type=&#8221;1_2&#8243; _builder_version=&#8221;4.25.2&#8243; _dynamic_attributes=&#8221;link_option_url&#8221; use_background_color_gradient=&#8221;on&#8221; background_color_gradient_stops=&#8221;rgba(21,22,20,0) 59%|#002b42 87%&#8221; background_color_gradient_overlays_image=&#8221;on&#8221; background_color_gradient_start=&#8221;rgba(21,22,20,0)&#8221; background_color_gradient_end=&#8221;rgba(12,113,195,0.47)&#8221; background_image=&#8221;https:\/\/vuokrapalvelulumili.fi\/wp-content\/uploads\/2026\/02\/1000071018.jpg&#8221; background_enable_image=&#8221;on&#8221; background_position=&#8221;bottom_center&#8221; background_vertical_offset=&#8221;27%&#8221; custom_padding=&#8221;20vh|25px|30px|25px|false|true&#8221; link_option_url=&#8221;@ET-DC@eyJkeW5hbWljIjp0cnVlLCJjb250ZW50IjoicG9zdF9saW5rX3VybF9wYWdlIiwic2V0dGluZ3MiOnsicG9zdF9pZCI6IjQ5NTMzIn19@&#8221; global_colors_info=&#8221;{}&#8221; custom_padding__hover=&#8221;|||&#8221;][et_pb_text admin_label=&#8221;Teksti&#8221; _builder_version=&#8221;4.18.0&#8243; _dynamic_attributes=&#8221;link_option_url&#8221; text_font=&#8221;Poppins|700||on|||||&#8221; text_text_color=&#8221;#F28705&#8243; text_font_size=&#8221;2em&#8221; text_line_height=&#8221;1.4em&#8221; background_color=&#8221;#382F59&#8243; positioning=&#8221;absolute&#8221; vertical_offset=&#8221;-21px&#8221; custom_margin=&#8221;|||-20px|false|false&#8221; custom_margin_tablet=&#8221;-20px||9px&#8221; custom_margin_phone=&#8221;-19px||11px&#8221; custom_margin_last_edited=&#8221;on|tablet&#8221; custom_padding=&#8221;10px|20px|10px|20px|true|true&#8221; link_option_url=&#8221;@ET-DC@eyJkeW5hbWljIjp0cnVlLCJjb250ZW50IjoicG9zdF9saW5rX3VybF9wcm9kdWN0Iiwic2V0dGluZ3MiOnsicG9zdF9pZCI6IjI0NjkwIn19@&#8221; border_radii=&#8221;off|||20px|&#8221; border_width_left=&#8221;10px&#8221; border_color_left=&#8221;#85B4F2&#8243; box_shadow_style=&#8221;preset2&#8243; box_shadow_horizontal=&#8221;4px&#8221; box_shadow_vertical=&#8221;4px&#8221; box_shadow_blur=&#8221;10px&#8221; box_shadow_color=&#8221;#382F59&#8243; global_colors_info=&#8221;{}&#8221;]<\/p>\n<p>Vapautta lomalle<\/p>\n<p>[\/et_pb_text][et_pb_text _builder_version=&#8221;4.22.2&#8243; text_font=&#8221;Roboto|500|||||||&#8221; text_text_color=&#8221;#ffffff&#8221; text_font_size=&#8221;19px&#8221; text_line_height=&#8221;1.5em&#8221; text_orientation=&#8221;center&#8221; custom_margin=&#8221;-2px|||||&#8221; custom_padding=&#8221;42px||||false|false&#8221; global_colors_info=&#8221;{}&#8221;]<\/p>\n<p>Helppoon lomailuun 2-4:lle<br \/>Vuokraa t\u00e4st\u00e4 n\u00e4pp\u00e4r\u00e4 pikkuhuvila.<\/p>\n<p>[\/et_pb_text][\/et_pb_column][\/et_pb_row][\/et_pb_section][et_pb_section fb_built=&#8221;1&#8243; _builder_version=&#8221;4.25.2&#8243; background_image=&#8221;https:\/\/vuokrapalvelulumili.fi\/wp-content\/uploads\/2022\/10\/lappi01-scaled.webp&#8221; custom_padding=&#8221;3vh|0px|44vh|0px|false|false&#8221; bottom_divider_style=&#8221;wave2&#8243; bottom_divider_color=&#8221;#85BFF2&#8243; bottom_divider_height=&#8221;122px&#8221; bottom_divider_repeat=&#8221;1.6x&#8221; bottom_divider_flip=&#8221;vertical|horizontal&#8221; hover_enabled=&#8221;0&#8243; locked=&#8221;off&#8221; global_colors_info=&#8221;{}&#8221; title_text=&#8221;lappi01&#8243; background_enable_image=&#8221;on&#8221; sticky_enabled=&#8221;0&#8243;][et_pb_row _builder_version=&#8221;4.25.2&#8243; max_width=&#8221;1482px&#8221; module_alignment=&#8221;right&#8221; hover_enabled=&#8221;0&#8243; global_colors_info=&#8221;{}&#8221; sticky_enabled=&#8221;0&#8243;][et_pb_column type=&#8221;4_4&#8243; _builder_version=&#8221;4.25.2&#8243; custom_padding=&#8221;|||&#8221; hover_enabled=&#8221;0&#8243; global_colors_info=&#8221;{}&#8221; custom_padding__hover=&#8221;|||&#8221; sticky_enabled=&#8221;0&#8243;][\/et_pb_column][\/et_pb_row][\/et_pb_section]<\/p>\n","protected":false},"excerpt":{"rendered":"<p>Vacations Wherever You Want Rental Service Lumili mobile vacation homes Vacations Wherever You WantVilla on four wheels, vacation wherever you want.Freedom for vacationFor an easy vacation for 2-4Rent a handy little villa here.<\/p>","protected":false},"author":1,"featured_media":0,"parent":0,"menu_order":0,"comment_status":"closed","ping_status":"closed","template":"","meta":{"_et_pb_use_builder":"on","_et_pb_old_content":"","_et_gb_content_width":"","footnotes":""},"class_list":["post-7","page","type-page","status-publish","hentry"],"jetpack_sharing_enabled":true,"_links":{"self":[{"href":"https:\/\/vuokrapalvelulumili.fi\/en\/wp-json\/wp\/v2\/pages\/7","targetHints":{"allow":["GET"]}}],"collection":[{"href":"https:\/\/vuokrapalvelulumili.fi\/en\/wp-json\/wp\/v2\/pages"}],"about":[{"href":"https:\/\/vuokrapalvelulumili.fi\/en\/wp-json\/wp\/v2\/types\/page"}],"author":[{"embeddable":true,"href":"https:\/\/vuokrapalvelulumili.fi\/en\/wp-json\/wp\/v2\/users\/1"}],"replies":[{"embeddable":true,"href":"https:\/\/vuokrapalvelulumili.fi\/en\/wp-json\/wp\/v2\/comments?post=7"}],"version-history":[{"count":62,"href":"https:\/\/vuokrapalvelulumili.fi\/en\/wp-json\/wp\/v2\/pages\/7\/revisions"}],"predecessor-version":[{"id":49989,"href":"https:\/\/vuokrapalvelulumili.fi\/en\/wp-json\/wp\/v2\/pages\/7\/revisions\/49989"}],"wp:attachment":[{"href":"https:\/\/vuokrapalvelulumili.fi\/en\/wp-json\/wp\/v2\/media?parent=7"}],"curies":[{"name":"wp","href":"https:\/\/api.w.org\/{rel}","templated":true}]}}